{"id":504,"date":"2017-05-15T12:26:23","date_gmt":"2017-05-15T12:26:23","guid":{"rendered":"https:\/\/paintsystem.ee\/newsite\/?page_id=504\/"},"modified":"2019-05-12T12:43:31","modified_gmt":"2019-05-12T12:43:31","slug":"welding-works","status":"publish","type":"page","link":"https:\/\/paintsystem.ee\/en\/services\/welding-works\/","title":{"rendered":"Welding works"},"content":{"rendered":"<p>When car parts have developed penetraring corrosion, they must be either totally replaced or metal on the corroded area should be replaced. Metal is jointed with a help of semi-automatic welding. We use in our workshop a professional welding unit Tellwin 183.<\/p>\n","protected":false},"excerpt":{"rendered":"<p>When car parts have developed penetraring corrosion, they must be either totally replaced or metal on the corroded area should be replaced. Metal is jointed with a help of semi-automatic welding. We use in our workshop a professional welding unit Tellwin 183.<\/p>\n","protected":false},"author":1,"featured_media":0,"parent":358,"menu_order":0,"comment_status":"closed","ping_status":"closed","template":"","meta":{"_exactmetrics_skip_tracking":false,"_exactmetrics_sitenote_active":false,"_exactmetrics_sitenote_note":"","_exactmetrics_sitenote_category":0,"footnotes":""},"class_list":["post-504","page","type-page","status-publish","hentry"],"yoast_head":"<!-- This site is optimized with the Yoast SEO plugin v23.3 - https:\/\/yoast.com\/wordpress\/plugins\/seo\/ -->\n<title>Welding works | Paint System O\u00dc<\/title>\n<meta name=\"description\" content=\"When car parts have developed penetraring corrosion, they must be either totally replaced or metal on the corroded area should be replaced.\" \/>\n<meta name=\"robots\" content=\"index, follow, max-snippet:-1, max-image-preview:large, max-video-preview:-1\" \/>\n<link rel=\"canonical\" href=\"https:\/\/paintsystem.ee\/en\/services\/welding-works\/\" \/>\n<meta property=\"og:locale\" content=\"en_US\" \/>\n<meta property=\"og:type\" content=\"article\" \/>\n<meta property=\"og:title\" content=\"Welding works | Paint System O\u00dc\" \/>\n<meta property=\"og:description\" content=\"When car parts have developed penetraring corrosion, they must be either totally replaced or metal on the corroded area should be replaced.\" \/>\n<meta property=\"og:url\" content=\"https:\/\/paintsystem.ee\/en\/services\/welding-works\/\" \/>\n<meta property=\"og:site_name\" content=\"Paint System\" \/>\n<meta property=\"article:modified_time\" content=\"2019-05-12T12:43:31+00:00\" \/>\n<meta name=\"twitter:card\" content=\"summary_large_image\" \/>\n<script type=\"application\/ld+json\" class=\"yoast-schema-graph\">{\"@context\":\"https:\/\/schema.org\",\"@graph\":[{\"@type\":\"WebPage\",\"@id\":\"https:\/\/paintsystem.ee\/en\/services\/welding-works\/\",\"url\":\"https:\/\/paintsystem.ee\/en\/services\/welding-works\/\",\"name\":\"Welding works | Paint System O\u00dc\",\"isPartOf\":{\"@id\":\"https:\/\/paintsystem.ee\/en\/#website\"},\"datePublished\":\"2017-05-15T12:26:23+00:00\",\"dateModified\":\"2019-05-12T12:43:31+00:00\",\"description\":\"When car parts have developed penetraring corrosion, they must be either totally replaced or metal on the corroded area should be replaced.\",\"breadcrumb\":{\"@id\":\"https:\/\/paintsystem.ee\/en\/services\/welding-works\/#breadcrumb\"},\"inLanguage\":\"en-US\",\"potentialAction\":[{\"@type\":\"ReadAction\",\"target\":[\"https:\/\/paintsystem.ee\/en\/services\/welding-works\/\"]}]},{\"@type\":\"BreadcrumbList\",\"@id\":\"https:\/\/paintsystem.ee\/en\/services\/welding-works\/#breadcrumb\",\"itemListElement\":[{\"@type\":\"ListItem\",\"position\":1,\"name\":\"Home\",\"item\":\"https:\/\/paintsystem.ee\/en\/home\/\"},{\"@type\":\"ListItem\",\"position\":2,\"name\":\"Services\",\"item\":\"https:\/\/paintsystem.ee\/en\/services\/\"},{\"@type\":\"ListItem\",\"position\":3,\"name\":\"Welding works\"}]},{\"@type\":\"WebSite\",\"@id\":\"https:\/\/paintsystem.ee\/en\/#website\",\"url\":\"https:\/\/paintsystem.ee\/en\/\",\"name\":\"Paint System\",\"description\":\"Automaalrit\u00f6\u00f6koda Paint System pakub laia valikut kereremondi ja hooldusteenuseid peamiselt s\u00f5iduautodele.\",\"potentialAction\":[{\"@type\":\"SearchAction\",\"target\":{\"@type\":\"EntryPoint\",\"urlTemplate\":\"https:\/\/paintsystem.ee\/en\/?s={search_term_string}\"},\"query-input\":\"required name=search_term_string\"}],\"inLanguage\":\"en-US\"}]}<\/script>\n<!-- \/ Yoast SEO plugin. -->","yoast_head_json":{"title":"Welding works | Paint System O\u00dc","description":"When car parts have developed penetraring corrosion, they must be either totally replaced or metal on the corroded area should be replaced.","robots":{"index":"index","follow":"follow","max-snippet":"max-snippet:-1","max-image-preview":"max-image-preview:large","max-video-preview":"max-video-preview:-1"},"canonical":"https:\/\/paintsystem.ee\/en\/services\/welding-works\/","og_locale":"en_US","og_type":"article","og_title":"Welding works | Paint System O\u00dc","og_description":"When car parts have developed penetraring corrosion, they must be either totally replaced or metal on the corroded area should be replaced.","og_url":"https:\/\/paintsystem.ee\/en\/services\/welding-works\/","og_site_name":"Paint System","article_modified_time":"2019-05-12T12:43:31+00:00","twitter_card":"summary_large_image","schema":{"@context":"https:\/\/schema.org","@graph":[{"@type":"WebPage","@id":"https:\/\/paintsystem.ee\/en\/services\/welding-works\/","url":"https:\/\/paintsystem.ee\/en\/services\/welding-works\/","name":"Welding works | Paint System O\u00dc","isPartOf":{"@id":"https:\/\/paintsystem.ee\/en\/#website"},"datePublished":"2017-05-15T12:26:23+00:00","dateModified":"2019-05-12T12:43:31+00:00","description":"When car parts have developed penetraring corrosion, they must be either totally replaced or metal on the corroded area should be replaced.","breadcrumb":{"@id":"https:\/\/paintsystem.ee\/en\/services\/welding-works\/#breadcrumb"},"inLanguage":"en-US","potentialAction":[{"@type":"ReadAction","target":["https:\/\/paintsystem.ee\/en\/services\/welding-works\/"]}]},{"@type":"BreadcrumbList","@id":"https:\/\/paintsystem.ee\/en\/services\/welding-works\/#breadcrumb","itemListElement":[{"@type":"ListItem","position":1,"name":"Home","item":"https:\/\/paintsystem.ee\/en\/home\/"},{"@type":"ListItem","position":2,"name":"Services","item":"https:\/\/paintsystem.ee\/en\/services\/"},{"@type":"ListItem","position":3,"name":"Welding works"}]},{"@type":"WebSite","@id":"https:\/\/paintsystem.ee\/en\/#website","url":"https:\/\/paintsystem.ee\/en\/","name":"Paint System","description":"Automaalrit\u00f6\u00f6koda Paint System pakub laia valikut kereremondi ja hooldusteenuseid peamiselt s\u00f5iduautodele.","potentialAction":[{"@type":"SearchAction","target":{"@type":"EntryPoint","urlTemplate":"https:\/\/paintsystem.ee\/en\/?s={search_term_string}"},"query-input":"required name=search_term_string"}],"inLanguage":"en-US"}]}},"_links":{"self":[{"href":"https:\/\/paintsystem.ee\/en\/wp-json\/wp\/v2\/pages\/504"}],"collection":[{"href":"https:\/\/paintsystem.ee\/en\/wp-json\/wp\/v2\/pages"}],"about":[{"href":"https:\/\/paintsystem.ee\/en\/wp-json\/wp\/v2\/types\/page"}],"author":[{"embeddable":true,"href":"https:\/\/paintsystem.ee\/en\/wp-json\/wp\/v2\/users\/1"}],"replies":[{"embeddable":true,"href":"https:\/\/paintsystem.ee\/en\/wp-json\/wp\/v2\/comments?post=504"}],"version-history":[{"count":2,"href":"https:\/\/paintsystem.ee\/en\/wp-json\/wp\/v2\/pages\/504\/revisions"}],"predecessor-version":[{"id":753,"href":"https:\/\/paintsystem.ee\/en\/wp-json\/wp\/v2\/pages\/504\/revisions\/753"}],"up":[{"embeddable":true,"href":"https:\/\/paintsystem.ee\/en\/wp-json\/wp\/v2\/pages\/358"}],"wp:attachment":[{"href":"https:\/\/paintsystem.ee\/en\/wp-json\/wp\/v2\/media?parent=504"}],"curies":[{"name":"wp","href":"https:\/\/api.w.org\/{rel}","templated":true}]}}