{"id":503,"date":"2017-05-15T12:26:06","date_gmt":"2017-05-15T12:26:06","guid":{"rendered":"https:\/\/paintsystem.ee\/newsite\/?page_id=503\/"},"modified":"2017-08-04T09:46:17","modified_gmt":"2017-08-04T09:46:17","slug":"headlamps-restoration","status":"publish","type":"page","link":"https:\/\/paintsystem.ee\/en\/services\/headlamps-restoration\/","title":{"rendered":"Headlamps restoration"},"content":{"rendered":"<p>Most often a problem of faintly glimmering lights bothers owners of the cars produced in the end of 1990-s. The cause lies in the plastic bodies of the front lights. Despite the protective layer, the front lights are still exposed to impacts of small pebbles, water and heat. As a result of micro-scratches and chips, the light becomes dim and cannot be properly diffused. The matter is resolved by polishing of lights. Lights polishing stages are similar to the stages of the car body deep polishing, however, they demand more attention and care.<\/p>\n","protected":false},"excerpt":{"rendered":"<p>Most often a problem of faintly glimmering lights bothers owners of the cars produced in the end of 1990-s. The cause lies in the plastic bodies of the front lights. Despite the protective layer, the front lights are still exposed to impacts of small pebbles, water and heat. As a result of micro-scratches and chips, [&hellip;]<\/p>\n","protected":false},"author":1,"featured_media":0,"parent":358,"menu_order":0,"comment_status":"closed","ping_status":"closed","template":"","meta":{"_exactmetrics_skip_tracking":false,"_exactmetrics_sitenote_active":false,"_exactmetrics_sitenote_note":"","_exactmetrics_sitenote_category":0,"footnotes":""},"class_list":["post-503","page","type-page","status-publish","hentry"],"yoast_head":"<!-- This site is optimized with the Yoast SEO plugin v23.3 - https:\/\/yoast.com\/wordpress\/plugins\/seo\/ -->\n<title>Headlamps restoration | Paint System<\/title>\n<meta name=\"robots\" content=\"index, follow, max-snippet:-1, max-image-preview:large, max-video-preview:-1\" \/>\n<link rel=\"canonical\" href=\"https:\/\/paintsystem.ee\/en\/services\/headlamps-restoration\/\" \/>\n<meta property=\"og:locale\" content=\"en_US\" \/>\n<meta property=\"og:type\" content=\"article\" \/>\n<meta property=\"og:title\" content=\"Headlamps restoration | Paint System\" \/>\n<meta property=\"og:description\" content=\"Most often a problem of faintly glimmering lights bothers owners of the cars produced in the end of 1990-s. The cause lies in the plastic bodies of the front lights. Despite the protective layer, the front lights are still exposed to impacts of small pebbles, water and heat. As a result of micro-scratches and chips, [&hellip;]\" \/>\n<meta property=\"og:url\" content=\"https:\/\/paintsystem.ee\/en\/services\/headlamps-restoration\/\" \/>\n<meta property=\"og:site_name\" content=\"Paint System\" \/>\n<meta property=\"article:modified_time\" content=\"2017-08-04T09:46:17+00:00\" \/>\n<meta name=\"twitter:card\" content=\"summary_large_image\" \/>\n<script type=\"application\/ld+json\" class=\"yoast-schema-graph\">{\"@context\":\"https:\/\/schema.org\",\"@graph\":[{\"@type\":\"WebPage\",\"@id\":\"https:\/\/paintsystem.ee\/en\/services\/headlamps-restoration\/\",\"url\":\"https:\/\/paintsystem.ee\/en\/services\/headlamps-restoration\/\",\"name\":\"Headlamps restoration | Paint System\",\"isPartOf\":{\"@id\":\"https:\/\/paintsystem.ee\/en\/#website\"},\"datePublished\":\"2017-05-15T12:26:06+00:00\",\"dateModified\":\"2017-08-04T09:46:17+00:00\",\"breadcrumb\":{\"@id\":\"https:\/\/paintsystem.ee\/en\/services\/headlamps-restoration\/#breadcrumb\"},\"inLanguage\":\"en-US\",\"potentialAction\":[{\"@type\":\"ReadAction\",\"target\":[\"https:\/\/paintsystem.ee\/en\/services\/headlamps-restoration\/\"]}]},{\"@type\":\"BreadcrumbList\",\"@id\":\"https:\/\/paintsystem.ee\/en\/services\/headlamps-restoration\/#breadcrumb\",\"itemListElement\":[{\"@type\":\"ListItem\",\"position\":1,\"name\":\"Home\",\"item\":\"https:\/\/paintsystem.ee\/en\/home\/\"},{\"@type\":\"ListItem\",\"position\":2,\"name\":\"Services\",\"item\":\"https:\/\/paintsystem.ee\/en\/services\/\"},{\"@type\":\"ListItem\",\"position\":3,\"name\":\"Headlamps restoration\"}]},{\"@type\":\"WebSite\",\"@id\":\"https:\/\/paintsystem.ee\/en\/#website\",\"url\":\"https:\/\/paintsystem.ee\/en\/\",\"name\":\"Paint System\",\"description\":\"Automaalrit\u00f6\u00f6koda Paint System pakub laia valikut kereremondi ja hooldusteenuseid peamiselt s\u00f5iduautodele.\",\"potentialAction\":[{\"@type\":\"SearchAction\",\"target\":{\"@type\":\"EntryPoint\",\"urlTemplate\":\"https:\/\/paintsystem.ee\/en\/?s={search_term_string}\"},\"query-input\":\"required name=search_term_string\"}],\"inLanguage\":\"en-US\"}]}<\/script>\n<!-- \/ Yoast SEO plugin. -->","yoast_head_json":{"title":"Headlamps restoration | Paint System","robots":{"index":"index","follow":"follow","max-snippet":"max-snippet:-1","max-image-preview":"max-image-preview:large","max-video-preview":"max-video-preview:-1"},"canonical":"https:\/\/paintsystem.ee\/en\/services\/headlamps-restoration\/","og_locale":"en_US","og_type":"article","og_title":"Headlamps restoration | Paint System","og_description":"Most often a problem of faintly glimmering lights bothers owners of the cars produced in the end of 1990-s. The cause lies in the plastic bodies of the front lights. Despite the protective layer, the front lights are still exposed to impacts of small pebbles, water and heat. As a result of micro-scratches and chips, [&hellip;]","og_url":"https:\/\/paintsystem.ee\/en\/services\/headlamps-restoration\/","og_site_name":"Paint System","article_modified_time":"2017-08-04T09:46:17+00:00","twitter_card":"summary_large_image","schema":{"@context":"https:\/\/schema.org","@graph":[{"@type":"WebPage","@id":"https:\/\/paintsystem.ee\/en\/services\/headlamps-restoration\/","url":"https:\/\/paintsystem.ee\/en\/services\/headlamps-restoration\/","name":"Headlamps restoration | Paint System","isPartOf":{"@id":"https:\/\/paintsystem.ee\/en\/#website"},"datePublished":"2017-05-15T12:26:06+00:00","dateModified":"2017-08-04T09:46:17+00:00","breadcrumb":{"@id":"https:\/\/paintsystem.ee\/en\/services\/headlamps-restoration\/#breadcrumb"},"inLanguage":"en-US","potentialAction":[{"@type":"ReadAction","target":["https:\/\/paintsystem.ee\/en\/services\/headlamps-restoration\/"]}]},{"@type":"BreadcrumbList","@id":"https:\/\/paintsystem.ee\/en\/services\/headlamps-restoration\/#breadcrumb","itemListElement":[{"@type":"ListItem","position":1,"name":"Home","item":"https:\/\/paintsystem.ee\/en\/home\/"},{"@type":"ListItem","position":2,"name":"Services","item":"https:\/\/paintsystem.ee\/en\/services\/"},{"@type":"ListItem","position":3,"name":"Headlamps restoration"}]},{"@type":"WebSite","@id":"https:\/\/paintsystem.ee\/en\/#website","url":"https:\/\/paintsystem.ee\/en\/","name":"Paint System","description":"Automaalrit\u00f6\u00f6koda Paint System pakub laia valikut kereremondi ja hooldusteenuseid peamiselt s\u00f5iduautodele.","potentialAction":[{"@type":"SearchAction","target":{"@type":"EntryPoint","urlTemplate":"https:\/\/paintsystem.ee\/en\/?s={search_term_string}"},"query-input":"required name=search_term_string"}],"inLanguage":"en-US"}]}},"_links":{"self":[{"href":"https:\/\/paintsystem.ee\/en\/wp-json\/wp\/v2\/pages\/503"}],"collection":[{"href":"https:\/\/paintsystem.ee\/en\/wp-json\/wp\/v2\/pages"}],"about":[{"href":"https:\/\/paintsystem.ee\/en\/wp-json\/wp\/v2\/types\/page"}],"author":[{"embeddable":true,"href":"https:\/\/paintsystem.ee\/en\/wp-json\/wp\/v2\/users\/1"}],"replies":[{"embeddable":true,"href":"https:\/\/paintsystem.ee\/en\/wp-json\/wp\/v2\/comments?post=503"}],"version-history":[{"count":2,"href":"https:\/\/paintsystem.ee\/en\/wp-json\/wp\/v2\/pages\/503\/revisions"}],"predecessor-version":[{"id":764,"href":"https:\/\/paintsystem.ee\/en\/wp-json\/wp\/v2\/pages\/503\/revisions\/764"}],"up":[{"embeddable":true,"href":"https:\/\/paintsystem.ee\/en\/wp-json\/wp\/v2\/pages\/358"}],"wp:attachment":[{"href":"https:\/\/paintsystem.ee\/en\/wp-json\/wp\/v2\/media?parent=503"}],"curies":[{"name":"wp","href":"https:\/\/api.w.org\/{rel}","templated":true}]}}