{"id":498,"date":"2017-05-15T12:25:43","date_gmt":"2017-05-15T12:25:43","guid":{"rendered":"https:\/\/paintsystem.ee\/newsite\/?page_id=498\/"},"modified":"2017-08-04T09:47:07","modified_gmt":"2017-08-04T09:47:07","slug":"alloy-wheels-repair","status":"publish","type":"page","link":"https:\/\/paintsystem.ee\/en\/services\/alloy-wheels-repair\/","title":{"rendered":"Alloy wheels repair"},"content":{"rendered":"<p>Sooner or later aluminium wheel disks lose their initial looks. The acidified metal blows up the paint, while heavy hits cause checking and cracks to appear, and thus car geometry suffers. Fortunately, these things are repairable. Aluminium wheel disks restauration begins with the thorough cleaning from corrosion and old paint and coating. Then disk is tested for jumping and rolled, if necessary. Cracks are welded with a help of special aluminium welding. The finishing stage includes preparation and painting the disks. Disks can be painted both with powder paint, notable for its high durability, and lacquer metallic.<\/p>\n<p>In case of painting with lacquer metallic, you can choose for the disks any tone you like \u2013 from black to white, and in addition, select some design features, for example, trims of colour different from the basic tone, or achieve the dark chrome impression.<\/p>\n","protected":false},"excerpt":{"rendered":"<p>Sooner or later aluminium wheel disks lose their initial looks. The acidified metal blows up the paint, while heavy hits cause checking and cracks to appear, and thus car geometry suffers. Fortunately, these things are repairable. Aluminium wheel disks restauration begins with the thorough cleaning from corrosion and old paint and coating. Then disk is [&hellip;]<\/p>\n","protected":false},"author":1,"featured_media":0,"parent":358,"menu_order":0,"comment_status":"closed","ping_status":"closed","template":"","meta":{"_exactmetrics_skip_tracking":false,"_exactmetrics_sitenote_active":false,"_exactmetrics_sitenote_note":"","_exactmetrics_sitenote_category":0,"footnotes":""},"class_list":["post-498","page","type-page","status-publish","hentry"],"yoast_head":"<!-- This site is optimized with the Yoast SEO plugin v23.3 - https:\/\/yoast.com\/wordpress\/plugins\/seo\/ -->\n<title>Alloy wheels repair | Paint System<\/title>\n<meta name=\"robots\" content=\"index, follow, max-snippet:-1, max-image-preview:large, max-video-preview:-1\" \/>\n<link rel=\"canonical\" href=\"https:\/\/paintsystem.ee\/en\/services\/alloy-wheels-repair\/\" \/>\n<meta property=\"og:locale\" content=\"en_US\" \/>\n<meta property=\"og:type\" content=\"article\" \/>\n<meta property=\"og:title\" content=\"Alloy wheels repair | Paint System\" \/>\n<meta property=\"og:description\" content=\"Sooner or later aluminium wheel disks lose their initial looks. The acidified metal blows up the paint, while heavy hits cause checking and cracks to appear, and thus car geometry suffers. Fortunately, these things are repairable. Aluminium wheel disks restauration begins with the thorough cleaning from corrosion and old paint and coating. Then disk is [&hellip;]\" \/>\n<meta property=\"og:url\" content=\"https:\/\/paintsystem.ee\/en\/services\/alloy-wheels-repair\/\" \/>\n<meta property=\"og:site_name\" content=\"Paint System\" \/>\n<meta property=\"article:modified_time\" content=\"2017-08-04T09:47:07+00:00\" \/>\n<meta name=\"twitter:card\" content=\"summary_large_image\" \/>\n<meta name=\"twitter:label1\" content=\"Est. reading time\" \/>\n\t<meta name=\"twitter:data1\" content=\"1 minute\" \/>\n<script type=\"application\/ld+json\" class=\"yoast-schema-graph\">{\"@context\":\"https:\/\/schema.org\",\"@graph\":[{\"@type\":\"WebPage\",\"@id\":\"https:\/\/paintsystem.ee\/en\/services\/alloy-wheels-repair\/\",\"url\":\"https:\/\/paintsystem.ee\/en\/services\/alloy-wheels-repair\/\",\"name\":\"Alloy wheels repair | Paint System\",\"isPartOf\":{\"@id\":\"https:\/\/paintsystem.ee\/en\/#website\"},\"datePublished\":\"2017-05-15T12:25:43+00:00\",\"dateModified\":\"2017-08-04T09:47:07+00:00\",\"breadcrumb\":{\"@id\":\"https:\/\/paintsystem.ee\/en\/services\/alloy-wheels-repair\/#breadcrumb\"},\"inLanguage\":\"en-US\",\"potentialAction\":[{\"@type\":\"ReadAction\",\"target\":[\"https:\/\/paintsystem.ee\/en\/services\/alloy-wheels-repair\/\"]}]},{\"@type\":\"BreadcrumbList\",\"@id\":\"https:\/\/paintsystem.ee\/en\/services\/alloy-wheels-repair\/#breadcrumb\",\"itemListElement\":[{\"@type\":\"ListItem\",\"position\":1,\"name\":\"Home\",\"item\":\"https:\/\/paintsystem.ee\/en\/home\/\"},{\"@type\":\"ListItem\",\"position\":2,\"name\":\"Services\",\"item\":\"https:\/\/paintsystem.ee\/en\/services\/\"},{\"@type\":\"ListItem\",\"position\":3,\"name\":\"Alloy wheels repair\"}]},{\"@type\":\"WebSite\",\"@id\":\"https:\/\/paintsystem.ee\/en\/#website\",\"url\":\"https:\/\/paintsystem.ee\/en\/\",\"name\":\"Paint System\",\"description\":\"Automaalrit\u00f6\u00f6koda Paint System pakub laia valikut kereremondi ja hooldusteenuseid peamiselt s\u00f5iduautodele.\",\"potentialAction\":[{\"@type\":\"SearchAction\",\"target\":{\"@type\":\"EntryPoint\",\"urlTemplate\":\"https:\/\/paintsystem.ee\/en\/?s={search_term_string}\"},\"query-input\":\"required name=search_term_string\"}],\"inLanguage\":\"en-US\"}]}<\/script>\n<!-- \/ Yoast SEO plugin. -->","yoast_head_json":{"title":"Alloy wheels repair | Paint System","robots":{"index":"index","follow":"follow","max-snippet":"max-snippet:-1","max-image-preview":"max-image-preview:large","max-video-preview":"max-video-preview:-1"},"canonical":"https:\/\/paintsystem.ee\/en\/services\/alloy-wheels-repair\/","og_locale":"en_US","og_type":"article","og_title":"Alloy wheels repair | Paint System","og_description":"Sooner or later aluminium wheel disks lose their initial looks. The acidified metal blows up the paint, while heavy hits cause checking and cracks to appear, and thus car geometry suffers. Fortunately, these things are repairable. Aluminium wheel disks restauration begins with the thorough cleaning from corrosion and old paint and coating. Then disk is [&hellip;]","og_url":"https:\/\/paintsystem.ee\/en\/services\/alloy-wheels-repair\/","og_site_name":"Paint System","article_modified_time":"2017-08-04T09:47:07+00:00","twitter_card":"summary_large_image","twitter_misc":{"Est. reading time":"1 minute"},"schema":{"@context":"https:\/\/schema.org","@graph":[{"@type":"WebPage","@id":"https:\/\/paintsystem.ee\/en\/services\/alloy-wheels-repair\/","url":"https:\/\/paintsystem.ee\/en\/services\/alloy-wheels-repair\/","name":"Alloy wheels repair | Paint System","isPartOf":{"@id":"https:\/\/paintsystem.ee\/en\/#website"},"datePublished":"2017-05-15T12:25:43+00:00","dateModified":"2017-08-04T09:47:07+00:00","breadcrumb":{"@id":"https:\/\/paintsystem.ee\/en\/services\/alloy-wheels-repair\/#breadcrumb"},"inLanguage":"en-US","potentialAction":[{"@type":"ReadAction","target":["https:\/\/paintsystem.ee\/en\/services\/alloy-wheels-repair\/"]}]},{"@type":"BreadcrumbList","@id":"https:\/\/paintsystem.ee\/en\/services\/alloy-wheels-repair\/#breadcrumb","itemListElement":[{"@type":"ListItem","position":1,"name":"Home","item":"https:\/\/paintsystem.ee\/en\/home\/"},{"@type":"ListItem","position":2,"name":"Services","item":"https:\/\/paintsystem.ee\/en\/services\/"},{"@type":"ListItem","position":3,"name":"Alloy wheels repair"}]},{"@type":"WebSite","@id":"https:\/\/paintsystem.ee\/en\/#website","url":"https:\/\/paintsystem.ee\/en\/","name":"Paint System","description":"Automaalrit\u00f6\u00f6koda Paint System pakub laia valikut kereremondi ja hooldusteenuseid peamiselt s\u00f5iduautodele.","potentialAction":[{"@type":"SearchAction","target":{"@type":"EntryPoint","urlTemplate":"https:\/\/paintsystem.ee\/en\/?s={search_term_string}"},"query-input":"required name=search_term_string"}],"inLanguage":"en-US"}]}},"_links":{"self":[{"href":"https:\/\/paintsystem.ee\/en\/wp-json\/wp\/v2\/pages\/498"}],"collection":[{"href":"https:\/\/paintsystem.ee\/en\/wp-json\/wp\/v2\/pages"}],"about":[{"href":"https:\/\/paintsystem.ee\/en\/wp-json\/wp\/v2\/types\/page"}],"author":[{"embeddable":true,"href":"https:\/\/paintsystem.ee\/en\/wp-json\/wp\/v2\/users\/1"}],"replies":[{"embeddable":true,"href":"https:\/\/paintsystem.ee\/en\/wp-json\/wp\/v2\/comments?post=498"}],"version-history":[{"count":2,"href":"https:\/\/paintsystem.ee\/en\/wp-json\/wp\/v2\/pages\/498\/revisions"}],"predecessor-version":[{"id":771,"href":"https:\/\/paintsystem.ee\/en\/wp-json\/wp\/v2\/pages\/498\/revisions\/771"}],"up":[{"embeddable":true,"href":"https:\/\/paintsystem.ee\/en\/wp-json\/wp\/v2\/pages\/358"}],"wp:attachment":[{"href":"https:\/\/paintsystem.ee\/en\/wp-json\/wp\/v2\/media?parent=498"}],"curies":[{"name":"wp","href":"https:\/\/api.w.org\/{rel}","templated":true}]}}