{"id":497,"date":"2017-05-15T12:25:12","date_gmt":"2017-05-15T12:25:12","guid":{"rendered":"https:\/\/paintsystem.ee\/newsite\/?page_id=497\/"},"modified":"2017-08-04T09:48:45","modified_gmt":"2017-08-04T09:48:45","slug":"car-body-polishing","status":"publish","type":"page","link":"https:\/\/paintsystem.ee\/en\/services\/car-body-polishing\/","title":{"rendered":"Car body polishing"},"content":{"rendered":"<p>Any  car owner would like to drive a beautiful glossy car. Eventually, any car body will miss these features. The cause of that lies in the use of non-flexible brushes in the automatic car-washing plants, poor quality manual washing, wiping snow with stiff brushes, as well as natural ageing of paint and coating. Polishing of car body means the mechanical removal of paint and coating layers resulting in ideally smooth surface with no scratches. We can offer two types of polishing \u2013 the light and deep ones.<\/p>\n<p>Light polishing<br \/>\nLight polishing is a fairly quick process with the use of two polishing pastes. One paste deletes minor scratches and adds luster, the other one deletes patterns (micro-scratches) left after work of the polishing wheel together with the first paste. Finally, the protective wax is applied. The polishing is aimed at refreshing the paint and coating and protecting body from the external atmosphere impacts.<\/p>\n<p>Deep polishing<br \/>\nDeep polishing begins with work of water-abrasive cloths, or abrasive paste. It allows us to remove deep scratches in the lacquer coating (which haven\u2019t penetrated the paint layer yet). The following stages are similar to the stages of light polishing.<\/p>\n","protected":false},"excerpt":{"rendered":"<p>Any car owner would like to drive a beautiful glossy car. Eventually, any car body will miss these features. The cause of that lies in the use of non-flexible brushes in the automatic car-washing plants, poor quality manual washing, wiping snow with stiff brushes, as well as natural ageing of paint and coating. Polishing of [&hellip;]<\/p>\n","protected":false},"author":1,"featured_media":0,"parent":358,"menu_order":0,"comment_status":"closed","ping_status":"closed","template":"","meta":{"_exactmetrics_skip_tracking":false,"_exactmetrics_sitenote_active":false,"_exactmetrics_sitenote_note":"","_exactmetrics_sitenote_category":0,"footnotes":""},"class_list":["post-497","page","type-page","status-publish","hentry"],"yoast_head":"<!-- This site is optimized with the Yoast SEO plugin v23.3 - https:\/\/yoast.com\/wordpress\/plugins\/seo\/ -->\n<title>Car body polishing | Paint System<\/title>\n<meta name=\"robots\" content=\"index, follow, max-snippet:-1, max-image-preview:large, max-video-preview:-1\" \/>\n<link rel=\"canonical\" href=\"https:\/\/paintsystem.ee\/en\/services\/car-body-polishing\/\" \/>\n<meta property=\"og:locale\" content=\"en_US\" \/>\n<meta property=\"og:type\" content=\"article\" \/>\n<meta property=\"og:title\" content=\"Car body polishing | Paint System\" \/>\n<meta property=\"og:description\" content=\"Any car owner would like to drive a beautiful glossy car. Eventually, any car body will miss these features. The cause of that lies in the use of non-flexible brushes in the automatic car-washing plants, poor quality manual washing, wiping snow with stiff brushes, as well as natural ageing of paint and coating. Polishing of [&hellip;]\" \/>\n<meta property=\"og:url\" content=\"https:\/\/paintsystem.ee\/en\/services\/car-body-polishing\/\" \/>\n<meta property=\"og:site_name\" content=\"Paint System\" \/>\n<meta property=\"article:modified_time\" content=\"2017-08-04T09:48:45+00:00\" \/>\n<meta name=\"twitter:card\" content=\"summary_large_image\" \/>\n<meta name=\"twitter:label1\" content=\"Est. reading time\" \/>\n\t<meta name=\"twitter:data1\" content=\"1 minute\" \/>\n<script type=\"application\/ld+json\" class=\"yoast-schema-graph\">{\"@context\":\"https:\/\/schema.org\",\"@graph\":[{\"@type\":\"WebPage\",\"@id\":\"https:\/\/paintsystem.ee\/en\/services\/car-body-polishing\/\",\"url\":\"https:\/\/paintsystem.ee\/en\/services\/car-body-polishing\/\",\"name\":\"Car body polishing | Paint System\",\"isPartOf\":{\"@id\":\"https:\/\/paintsystem.ee\/en\/#website\"},\"datePublished\":\"2017-05-15T12:25:12+00:00\",\"dateModified\":\"2017-08-04T09:48:45+00:00\",\"breadcrumb\":{\"@id\":\"https:\/\/paintsystem.ee\/en\/services\/car-body-polishing\/#breadcrumb\"},\"inLanguage\":\"en-US\",\"potentialAction\":[{\"@type\":\"ReadAction\",\"target\":[\"https:\/\/paintsystem.ee\/en\/services\/car-body-polishing\/\"]}]},{\"@type\":\"BreadcrumbList\",\"@id\":\"https:\/\/paintsystem.ee\/en\/services\/car-body-polishing\/#breadcrumb\",\"itemListElement\":[{\"@type\":\"ListItem\",\"position\":1,\"name\":\"Home\",\"item\":\"https:\/\/paintsystem.ee\/en\/home\/\"},{\"@type\":\"ListItem\",\"position\":2,\"name\":\"Services\",\"item\":\"https:\/\/paintsystem.ee\/en\/services\/\"},{\"@type\":\"ListItem\",\"position\":3,\"name\":\"Car body polishing\"}]},{\"@type\":\"WebSite\",\"@id\":\"https:\/\/paintsystem.ee\/en\/#website\",\"url\":\"https:\/\/paintsystem.ee\/en\/\",\"name\":\"Paint System\",\"description\":\"Automaalrit\u00f6\u00f6koda Paint System pakub laia valikut kereremondi ja hooldusteenuseid peamiselt s\u00f5iduautodele.\",\"potentialAction\":[{\"@type\":\"SearchAction\",\"target\":{\"@type\":\"EntryPoint\",\"urlTemplate\":\"https:\/\/paintsystem.ee\/en\/?s={search_term_string}\"},\"query-input\":\"required name=search_term_string\"}],\"inLanguage\":\"en-US\"}]}<\/script>\n<!-- \/ Yoast SEO plugin. -->","yoast_head_json":{"title":"Car body polishing | Paint System","robots":{"index":"index","follow":"follow","max-snippet":"max-snippet:-1","max-image-preview":"max-image-preview:large","max-video-preview":"max-video-preview:-1"},"canonical":"https:\/\/paintsystem.ee\/en\/services\/car-body-polishing\/","og_locale":"en_US","og_type":"article","og_title":"Car body polishing | Paint System","og_description":"Any car owner would like to drive a beautiful glossy car. Eventually, any car body will miss these features. The cause of that lies in the use of non-flexible brushes in the automatic car-washing plants, poor quality manual washing, wiping snow with stiff brushes, as well as natural ageing of paint and coating. Polishing of [&hellip;]","og_url":"https:\/\/paintsystem.ee\/en\/services\/car-body-polishing\/","og_site_name":"Paint System","article_modified_time":"2017-08-04T09:48:45+00:00","twitter_card":"summary_large_image","twitter_misc":{"Est. reading time":"1 minute"},"schema":{"@context":"https:\/\/schema.org","@graph":[{"@type":"WebPage","@id":"https:\/\/paintsystem.ee\/en\/services\/car-body-polishing\/","url":"https:\/\/paintsystem.ee\/en\/services\/car-body-polishing\/","name":"Car body polishing | Paint System","isPartOf":{"@id":"https:\/\/paintsystem.ee\/en\/#website"},"datePublished":"2017-05-15T12:25:12+00:00","dateModified":"2017-08-04T09:48:45+00:00","breadcrumb":{"@id":"https:\/\/paintsystem.ee\/en\/services\/car-body-polishing\/#breadcrumb"},"inLanguage":"en-US","potentialAction":[{"@type":"ReadAction","target":["https:\/\/paintsystem.ee\/en\/services\/car-body-polishing\/"]}]},{"@type":"BreadcrumbList","@id":"https:\/\/paintsystem.ee\/en\/services\/car-body-polishing\/#breadcrumb","itemListElement":[{"@type":"ListItem","position":1,"name":"Home","item":"https:\/\/paintsystem.ee\/en\/home\/"},{"@type":"ListItem","position":2,"name":"Services","item":"https:\/\/paintsystem.ee\/en\/services\/"},{"@type":"ListItem","position":3,"name":"Car body polishing"}]},{"@type":"WebSite","@id":"https:\/\/paintsystem.ee\/en\/#website","url":"https:\/\/paintsystem.ee\/en\/","name":"Paint System","description":"Automaalrit\u00f6\u00f6koda Paint System pakub laia valikut kereremondi ja hooldusteenuseid peamiselt s\u00f5iduautodele.","potentialAction":[{"@type":"SearchAction","target":{"@type":"EntryPoint","urlTemplate":"https:\/\/paintsystem.ee\/en\/?s={search_term_string}"},"query-input":"required name=search_term_string"}],"inLanguage":"en-US"}]}},"_links":{"self":[{"href":"https:\/\/paintsystem.ee\/en\/wp-json\/wp\/v2\/pages\/497"}],"collection":[{"href":"https:\/\/paintsystem.ee\/en\/wp-json\/wp\/v2\/pages"}],"about":[{"href":"https:\/\/paintsystem.ee\/en\/wp-json\/wp\/v2\/types\/page"}],"author":[{"embeddable":true,"href":"https:\/\/paintsystem.ee\/en\/wp-json\/wp\/v2\/users\/1"}],"replies":[{"embeddable":true,"href":"https:\/\/paintsystem.ee\/en\/wp-json\/wp\/v2\/comments?post=497"}],"version-history":[{"count":2,"href":"https:\/\/paintsystem.ee\/en\/wp-json\/wp\/v2\/pages\/497\/revisions"}],"predecessor-version":[{"id":781,"href":"https:\/\/paintsystem.ee\/en\/wp-json\/wp\/v2\/pages\/497\/revisions\/781"}],"up":[{"embeddable":true,"href":"https:\/\/paintsystem.ee\/en\/wp-json\/wp\/v2\/pages\/358"}],"wp:attachment":[{"href":"https:\/\/paintsystem.ee\/en\/wp-json\/wp\/v2\/media?parent=497"}],"curies":[{"name":"wp","href":"https:\/\/api.w.org\/{rel}","templated":true}]}}