{"id":492,"date":"2017-05-15T12:24:54","date_gmt":"2017-05-15T12:24:54","guid":{"rendered":"https:\/\/paintsystem.ee\/newsite\/?page_id=492\/"},"modified":"2017-08-04T09:49:42","modified_gmt":"2017-08-04T09:49:42","slug":"painting","status":"publish","type":"page","link":"https:\/\/paintsystem.ee\/en\/services\/painting\/","title":{"rendered":"Painting"},"content":{"rendered":"<p>The finishing stage of body repair is painting its parts. Our aim is to paint so that the painted part is not spotted among the other untouched details. To achieve such an effect, it is often necessary to do tintage onto the side parts as the paint is not picked up easily. Difficulty of the paint choice is affected by many factors such as the natural ageing of paint and coating, or fading, the unique methods of applying colour on the manufacturer\u2019s plant, re-painting of car or its part in the tone that differs from the original colour, and so forth.<\/p>\n<p>\u041cany years\u2019 experience lets us make right decisions when painting various parts avoiding the above-mentioned problems. The keystone of the quality painting is, first of all, the car painter\u2019s experience, professional tools, equipped painting chamber and quality painting and coating materials<\/p>\n","protected":false},"excerpt":{"rendered":"<p>The finishing stage of body repair is painting its parts. Our aim is to paint so that the painted part is not spotted among the other untouched details. To achieve such an effect, it is often necessary to do tintage onto the side parts as the paint is not picked up easily. Difficulty of the [&hellip;]<\/p>\n","protected":false},"author":1,"featured_media":0,"parent":358,"menu_order":0,"comment_status":"closed","ping_status":"closed","template":"","meta":{"_exactmetrics_skip_tracking":false,"_exactmetrics_sitenote_active":false,"_exactmetrics_sitenote_note":"","_exactmetrics_sitenote_category":0,"footnotes":""},"class_list":["post-492","page","type-page","status-publish","hentry"],"yoast_head":"<!-- This site is optimized with the Yoast SEO plugin v23.3 - https:\/\/yoast.com\/wordpress\/plugins\/seo\/ -->\n<title>Painting | Paint System<\/title>\n<meta name=\"robots\" content=\"index, follow, max-snippet:-1, max-image-preview:large, max-video-preview:-1\" \/>\n<link rel=\"canonical\" href=\"https:\/\/paintsystem.ee\/en\/services\/painting\/\" \/>\n<meta property=\"og:locale\" content=\"en_US\" \/>\n<meta property=\"og:type\" content=\"article\" \/>\n<meta property=\"og:title\" content=\"Painting | Paint System\" \/>\n<meta property=\"og:description\" content=\"The finishing stage of body repair is painting its parts. Our aim is to paint so that the painted part is not spotted among the other untouched details. To achieve such an effect, it is often necessary to do tintage onto the side parts as the paint is not picked up easily. Difficulty of the [&hellip;]\" \/>\n<meta property=\"og:url\" content=\"https:\/\/paintsystem.ee\/en\/services\/painting\/\" \/>\n<meta property=\"og:site_name\" content=\"Paint System\" \/>\n<meta property=\"article:modified_time\" content=\"2017-08-04T09:49:42+00:00\" \/>\n<meta name=\"twitter:card\" content=\"summary_large_image\" \/>\n<meta name=\"twitter:label1\" content=\"Est. reading time\" \/>\n\t<meta name=\"twitter:data1\" content=\"1 minute\" \/>\n<script type=\"application\/ld+json\" class=\"yoast-schema-graph\">{\"@context\":\"https:\/\/schema.org\",\"@graph\":[{\"@type\":\"WebPage\",\"@id\":\"https:\/\/paintsystem.ee\/en\/services\/painting\/\",\"url\":\"https:\/\/paintsystem.ee\/en\/services\/painting\/\",\"name\":\"Painting | Paint System\",\"isPartOf\":{\"@id\":\"https:\/\/paintsystem.ee\/en\/#website\"},\"datePublished\":\"2017-05-15T12:24:54+00:00\",\"dateModified\":\"2017-08-04T09:49:42+00:00\",\"breadcrumb\":{\"@id\":\"https:\/\/paintsystem.ee\/en\/services\/painting\/#breadcrumb\"},\"inLanguage\":\"en-US\",\"potentialAction\":[{\"@type\":\"ReadAction\",\"target\":[\"https:\/\/paintsystem.ee\/en\/services\/painting\/\"]}]},{\"@type\":\"BreadcrumbList\",\"@id\":\"https:\/\/paintsystem.ee\/en\/services\/painting\/#breadcrumb\",\"itemListElement\":[{\"@type\":\"ListItem\",\"position\":1,\"name\":\"Home\",\"item\":\"https:\/\/paintsystem.ee\/en\/home\/\"},{\"@type\":\"ListItem\",\"position\":2,\"name\":\"Services\",\"item\":\"https:\/\/paintsystem.ee\/en\/services\/\"},{\"@type\":\"ListItem\",\"position\":3,\"name\":\"Painting\"}]},{\"@type\":\"WebSite\",\"@id\":\"https:\/\/paintsystem.ee\/en\/#website\",\"url\":\"https:\/\/paintsystem.ee\/en\/\",\"name\":\"Paint System\",\"description\":\"Automaalrit\u00f6\u00f6koda Paint System pakub laia valikut kereremondi ja hooldusteenuseid peamiselt s\u00f5iduautodele.\",\"potentialAction\":[{\"@type\":\"SearchAction\",\"target\":{\"@type\":\"EntryPoint\",\"urlTemplate\":\"https:\/\/paintsystem.ee\/en\/?s={search_term_string}\"},\"query-input\":\"required name=search_term_string\"}],\"inLanguage\":\"en-US\"}]}<\/script>\n<!-- \/ Yoast SEO plugin. -->","yoast_head_json":{"title":"Painting | Paint System","robots":{"index":"index","follow":"follow","max-snippet":"max-snippet:-1","max-image-preview":"max-image-preview:large","max-video-preview":"max-video-preview:-1"},"canonical":"https:\/\/paintsystem.ee\/en\/services\/painting\/","og_locale":"en_US","og_type":"article","og_title":"Painting | Paint System","og_description":"The finishing stage of body repair is painting its parts. Our aim is to paint so that the painted part is not spotted among the other untouched details. To achieve such an effect, it is often necessary to do tintage onto the side parts as the paint is not picked up easily. Difficulty of the [&hellip;]","og_url":"https:\/\/paintsystem.ee\/en\/services\/painting\/","og_site_name":"Paint System","article_modified_time":"2017-08-04T09:49:42+00:00","twitter_card":"summary_large_image","twitter_misc":{"Est. reading time":"1 minute"},"schema":{"@context":"https:\/\/schema.org","@graph":[{"@type":"WebPage","@id":"https:\/\/paintsystem.ee\/en\/services\/painting\/","url":"https:\/\/paintsystem.ee\/en\/services\/painting\/","name":"Painting | Paint System","isPartOf":{"@id":"https:\/\/paintsystem.ee\/en\/#website"},"datePublished":"2017-05-15T12:24:54+00:00","dateModified":"2017-08-04T09:49:42+00:00","breadcrumb":{"@id":"https:\/\/paintsystem.ee\/en\/services\/painting\/#breadcrumb"},"inLanguage":"en-US","potentialAction":[{"@type":"ReadAction","target":["https:\/\/paintsystem.ee\/en\/services\/painting\/"]}]},{"@type":"BreadcrumbList","@id":"https:\/\/paintsystem.ee\/en\/services\/painting\/#breadcrumb","itemListElement":[{"@type":"ListItem","position":1,"name":"Home","item":"https:\/\/paintsystem.ee\/en\/home\/"},{"@type":"ListItem","position":2,"name":"Services","item":"https:\/\/paintsystem.ee\/en\/services\/"},{"@type":"ListItem","position":3,"name":"Painting"}]},{"@type":"WebSite","@id":"https:\/\/paintsystem.ee\/en\/#website","url":"https:\/\/paintsystem.ee\/en\/","name":"Paint System","description":"Automaalrit\u00f6\u00f6koda Paint System pakub laia valikut kereremondi ja hooldusteenuseid peamiselt s\u00f5iduautodele.","potentialAction":[{"@type":"SearchAction","target":{"@type":"EntryPoint","urlTemplate":"https:\/\/paintsystem.ee\/en\/?s={search_term_string}"},"query-input":"required name=search_term_string"}],"inLanguage":"en-US"}]}},"_links":{"self":[{"href":"https:\/\/paintsystem.ee\/en\/wp-json\/wp\/v2\/pages\/492"}],"collection":[{"href":"https:\/\/paintsystem.ee\/en\/wp-json\/wp\/v2\/pages"}],"about":[{"href":"https:\/\/paintsystem.ee\/en\/wp-json\/wp\/v2\/types\/page"}],"author":[{"embeddable":true,"href":"https:\/\/paintsystem.ee\/en\/wp-json\/wp\/v2\/users\/1"}],"replies":[{"embeddable":true,"href":"https:\/\/paintsystem.ee\/en\/wp-json\/wp\/v2\/comments?post=492"}],"version-history":[{"count":2,"href":"https:\/\/paintsystem.ee\/en\/wp-json\/wp\/v2\/pages\/492\/revisions"}],"predecessor-version":[{"id":788,"href":"https:\/\/paintsystem.ee\/en\/wp-json\/wp\/v2\/pages\/492\/revisions\/788"}],"up":[{"embeddable":true,"href":"https:\/\/paintsystem.ee\/en\/wp-json\/wp\/v2\/pages\/358"}],"wp:attachment":[{"href":"https:\/\/paintsystem.ee\/en\/wp-json\/wp\/v2\/media?parent=492"}],"curies":[{"name":"wp","href":"https:\/\/api.w.org\/{rel}","templated":true}]}}