{"id":488,"date":"2017-05-15T12:24:17","date_gmt":"2017-05-15T12:24:17","guid":{"rendered":"https:\/\/paintsystem.ee\/newsite\/?page_id=488\/"},"modified":"2017-08-04T09:45:26","modified_gmt":"2017-08-04T09:45:26","slug":"reconstruction-%d0%bef-body-geometry","status":"publish","type":"page","link":"https:\/\/paintsystem.ee\/en\/services\/reconstruction-%d0%bef-body-geometry\/","title":{"rendered":"Reconstruction \u043ef body geometry"},"content":{"rendered":"<p>Car body can be seriously damaged as a result of severe road accidents. In such cases, it is necessary to use specialised stands for reconstruction of body geometry. Hydraulic lever arms lengthen crumpled body panels aligning them accordingly to their initial manufacturing points.<\/p>\n","protected":false},"excerpt":{"rendered":"<p>Car body can be seriously damaged as a result of severe road accidents. In such cases, it is necessary to use specialised stands for reconstruction of body geometry. Hydraulic lever arms lengthen crumpled body panels aligning them accordingly to their initial manufacturing points.<\/p>\n","protected":false},"author":1,"featured_media":0,"parent":358,"menu_order":0,"comment_status":"closed","ping_status":"closed","template":"","meta":{"_exactmetrics_skip_tracking":false,"_exactmetrics_sitenote_active":false,"_exactmetrics_sitenote_note":"","_exactmetrics_sitenote_category":0,"footnotes":""},"class_list":["post-488","page","type-page","status-publish","hentry"],"yoast_head":"<!-- This site is optimized with the Yoast SEO plugin v23.3 - https:\/\/yoast.com\/wordpress\/plugins\/seo\/ -->\n<title>Reconstruction \u043ef body geometry | Paint System<\/title>\n<meta name=\"robots\" content=\"index, follow, max-snippet:-1, max-image-preview:large, max-video-preview:-1\" \/>\n<link rel=\"canonical\" href=\"https:\/\/paintsystem.ee\/en\/services\/reconstruction-%d0%bef-body-geometry\/\" \/>\n<meta property=\"og:locale\" content=\"en_US\" \/>\n<meta property=\"og:type\" content=\"article\" \/>\n<meta property=\"og:title\" content=\"Reconstruction \u043ef body geometry | Paint System\" \/>\n<meta property=\"og:description\" content=\"Car body can be seriously damaged as a result of severe road accidents. In such cases, it is necessary to use specialised stands for reconstruction of body geometry. Hydraulic lever arms lengthen crumpled body panels aligning them accordingly to their initial manufacturing points.\" \/>\n<meta property=\"og:url\" content=\"https:\/\/paintsystem.ee\/en\/services\/reconstruction-%d0%bef-body-geometry\/\" \/>\n<meta property=\"og:site_name\" content=\"Paint System\" \/>\n<meta property=\"article:modified_time\" content=\"2017-08-04T09:45:26+00:00\" \/>\n<meta name=\"twitter:card\" content=\"summary_large_image\" \/>\n<script type=\"application\/ld+json\" class=\"yoast-schema-graph\">{\"@context\":\"https:\/\/schema.org\",\"@graph\":[{\"@type\":\"WebPage\",\"@id\":\"https:\/\/paintsystem.ee\/en\/services\/reconstruction-%d0%bef-body-geometry\/\",\"url\":\"https:\/\/paintsystem.ee\/en\/services\/reconstruction-%d0%bef-body-geometry\/\",\"name\":\"Reconstruction \u043ef body geometry | Paint System\",\"isPartOf\":{\"@id\":\"https:\/\/paintsystem.ee\/en\/#website\"},\"datePublished\":\"2017-05-15T12:24:17+00:00\",\"dateModified\":\"2017-08-04T09:45:26+00:00\",\"breadcrumb\":{\"@id\":\"https:\/\/paintsystem.ee\/en\/services\/reconstruction-%d0%bef-body-geometry\/#breadcrumb\"},\"inLanguage\":\"en-US\",\"potentialAction\":[{\"@type\":\"ReadAction\",\"target\":[\"https:\/\/paintsystem.ee\/en\/services\/reconstruction-%d0%bef-body-geometry\/\"]}]},{\"@type\":\"BreadcrumbList\",\"@id\":\"https:\/\/paintsystem.ee\/en\/services\/reconstruction-%d0%bef-body-geometry\/#breadcrumb\",\"itemListElement\":[{\"@type\":\"ListItem\",\"position\":1,\"name\":\"Home\",\"item\":\"https:\/\/paintsystem.ee\/en\/home\/\"},{\"@type\":\"ListItem\",\"position\":2,\"name\":\"Services\",\"item\":\"https:\/\/paintsystem.ee\/en\/services\/\"},{\"@type\":\"ListItem\",\"position\":3,\"name\":\"Reconstruction \u043ef body geometry\"}]},{\"@type\":\"WebSite\",\"@id\":\"https:\/\/paintsystem.ee\/en\/#website\",\"url\":\"https:\/\/paintsystem.ee\/en\/\",\"name\":\"Paint System\",\"description\":\"Automaalrit\u00f6\u00f6koda Paint System pakub laia valikut kereremondi ja hooldusteenuseid peamiselt s\u00f5iduautodele.\",\"potentialAction\":[{\"@type\":\"SearchAction\",\"target\":{\"@type\":\"EntryPoint\",\"urlTemplate\":\"https:\/\/paintsystem.ee\/en\/?s={search_term_string}\"},\"query-input\":\"required name=search_term_string\"}],\"inLanguage\":\"en-US\"}]}<\/script>\n<!-- \/ Yoast SEO plugin. -->","yoast_head_json":{"title":"Reconstruction \u043ef body geometry | Paint System","robots":{"index":"index","follow":"follow","max-snippet":"max-snippet:-1","max-image-preview":"max-image-preview:large","max-video-preview":"max-video-preview:-1"},"canonical":"https:\/\/paintsystem.ee\/en\/services\/reconstruction-%d0%bef-body-geometry\/","og_locale":"en_US","og_type":"article","og_title":"Reconstruction \u043ef body geometry | Paint System","og_description":"Car body can be seriously damaged as a result of severe road accidents. In such cases, it is necessary to use specialised stands for reconstruction of body geometry. Hydraulic lever arms lengthen crumpled body panels aligning them accordingly to their initial manufacturing points.","og_url":"https:\/\/paintsystem.ee\/en\/services\/reconstruction-%d0%bef-body-geometry\/","og_site_name":"Paint System","article_modified_time":"2017-08-04T09:45:26+00:00","twitter_card":"summary_large_image","schema":{"@context":"https:\/\/schema.org","@graph":[{"@type":"WebPage","@id":"https:\/\/paintsystem.ee\/en\/services\/reconstruction-%d0%bef-body-geometry\/","url":"https:\/\/paintsystem.ee\/en\/services\/reconstruction-%d0%bef-body-geometry\/","name":"Reconstruction \u043ef body geometry | Paint System","isPartOf":{"@id":"https:\/\/paintsystem.ee\/en\/#website"},"datePublished":"2017-05-15T12:24:17+00:00","dateModified":"2017-08-04T09:45:26+00:00","breadcrumb":{"@id":"https:\/\/paintsystem.ee\/en\/services\/reconstruction-%d0%bef-body-geometry\/#breadcrumb"},"inLanguage":"en-US","potentialAction":[{"@type":"ReadAction","target":["https:\/\/paintsystem.ee\/en\/services\/reconstruction-%d0%bef-body-geometry\/"]}]},{"@type":"BreadcrumbList","@id":"https:\/\/paintsystem.ee\/en\/services\/reconstruction-%d0%bef-body-geometry\/#breadcrumb","itemListElement":[{"@type":"ListItem","position":1,"name":"Home","item":"https:\/\/paintsystem.ee\/en\/home\/"},{"@type":"ListItem","position":2,"name":"Services","item":"https:\/\/paintsystem.ee\/en\/services\/"},{"@type":"ListItem","position":3,"name":"Reconstruction \u043ef body geometry"}]},{"@type":"WebSite","@id":"https:\/\/paintsystem.ee\/en\/#website","url":"https:\/\/paintsystem.ee\/en\/","name":"Paint System","description":"Automaalrit\u00f6\u00f6koda Paint System pakub laia valikut kereremondi ja hooldusteenuseid peamiselt s\u00f5iduautodele.","potentialAction":[{"@type":"SearchAction","target":{"@type":"EntryPoint","urlTemplate":"https:\/\/paintsystem.ee\/en\/?s={search_term_string}"},"query-input":"required name=search_term_string"}],"inLanguage":"en-US"}]}},"_links":{"self":[{"href":"https:\/\/paintsystem.ee\/en\/wp-json\/wp\/v2\/pages\/488"}],"collection":[{"href":"https:\/\/paintsystem.ee\/en\/wp-json\/wp\/v2\/pages"}],"about":[{"href":"https:\/\/paintsystem.ee\/en\/wp-json\/wp\/v2\/types\/page"}],"author":[{"embeddable":true,"href":"https:\/\/paintsystem.ee\/en\/wp-json\/wp\/v2\/users\/1"}],"replies":[{"embeddable":true,"href":"https:\/\/paintsystem.ee\/en\/wp-json\/wp\/v2\/comments?post=488"}],"version-history":[{"count":2,"href":"https:\/\/paintsystem.ee\/en\/wp-json\/wp\/v2\/pages\/488\/revisions"}],"predecessor-version":[{"id":757,"href":"https:\/\/paintsystem.ee\/en\/wp-json\/wp\/v2\/pages\/488\/revisions\/757"}],"up":[{"embeddable":true,"href":"https:\/\/paintsystem.ee\/en\/wp-json\/wp\/v2\/pages\/358"}],"wp:attachment":[{"href":"https:\/\/paintsystem.ee\/en\/wp-json\/wp\/v2\/media?parent=488"}],"curies":[{"name":"wp","href":"https:\/\/api.w.org\/{rel}","templated":true}]}}