{"id":485,"date":"2017-05-15T12:24:01","date_gmt":"2017-05-15T12:24:01","guid":{"rendered":"https:\/\/paintsystem.ee\/newsite\/?page_id=485\/"},"modified":"2017-08-04T09:53:02","modified_gmt":"2017-08-04T09:53:02","slug":"body-repair","status":"publish","type":"page","link":"https:\/\/paintsystem.ee\/en\/services\/body-repair\/","title":{"rendered":"Body repair"},"content":{"rendered":"<p>Car body repair is our main activity profile. The car workshop PaintSystem is equipped with all necessary tools for achieving the best desired result. Depending on damages, we either replace a part, or repair it. For flattening of parts is used the spotter Tellwin 5500 \u0430s well as manual flatteners. Before applying fillers, any open metal areas are treated with the corrosion preventing prime coats. In the preparatory works only quality materials are used that correspond to all requirements of body repair.<\/p>\n","protected":false},"excerpt":{"rendered":"<p>Car body repair is our main activity profile. The car workshop PaintSystem is equipped with all necessary tools for achieving the best desired result. Depending on damages, we either replace a part, or repair it. For flattening of parts is used the spotter Tellwin 5500 \u0430s well as manual flatteners. Before applying fillers, any open [&hellip;]<\/p>\n","protected":false},"author":1,"featured_media":0,"parent":358,"menu_order":0,"comment_status":"closed","ping_status":"closed","template":"","meta":{"_exactmetrics_skip_tracking":false,"_exactmetrics_sitenote_active":false,"_exactmetrics_sitenote_note":"","_exactmetrics_sitenote_category":0,"footnotes":""},"class_list":["post-485","page","type-page","status-publish","hentry"],"yoast_head":"<!-- This site is optimized with the Yoast SEO plugin v23.3 - https:\/\/yoast.com\/wordpress\/plugins\/seo\/ -->\n<title>Body repair | Paint System<\/title>\n<meta name=\"robots\" content=\"index, follow, max-snippet:-1, max-image-preview:large, max-video-preview:-1\" \/>\n<link rel=\"canonical\" href=\"https:\/\/paintsystem.ee\/en\/services\/body-repair\/\" \/>\n<meta property=\"og:locale\" content=\"en_US\" \/>\n<meta property=\"og:type\" content=\"article\" \/>\n<meta property=\"og:title\" content=\"Body repair | Paint System\" \/>\n<meta property=\"og:description\" content=\"Car body repair is our main activity profile. The car workshop PaintSystem is equipped with all necessary tools for achieving the best desired result. Depending on damages, we either replace a part, or repair it. For flattening of parts is used the spotter Tellwin 5500 \u0430s well as manual flatteners. Before applying fillers, any open [&hellip;]\" \/>\n<meta property=\"og:url\" content=\"https:\/\/paintsystem.ee\/en\/services\/body-repair\/\" \/>\n<meta property=\"og:site_name\" content=\"Paint System\" \/>\n<meta property=\"article:modified_time\" content=\"2017-08-04T09:53:02+00:00\" \/>\n<meta name=\"twitter:card\" content=\"summary_large_image\" \/>\n<script type=\"application\/ld+json\" class=\"yoast-schema-graph\">{\"@context\":\"https:\/\/schema.org\",\"@graph\":[{\"@type\":\"WebPage\",\"@id\":\"https:\/\/paintsystem.ee\/en\/services\/body-repair\/\",\"url\":\"https:\/\/paintsystem.ee\/en\/services\/body-repair\/\",\"name\":\"Body repair | Paint System\",\"isPartOf\":{\"@id\":\"https:\/\/paintsystem.ee\/en\/#website\"},\"datePublished\":\"2017-05-15T12:24:01+00:00\",\"dateModified\":\"2017-08-04T09:53:02+00:00\",\"breadcrumb\":{\"@id\":\"https:\/\/paintsystem.ee\/en\/services\/body-repair\/#breadcrumb\"},\"inLanguage\":\"en-US\",\"potentialAction\":[{\"@type\":\"ReadAction\",\"target\":[\"https:\/\/paintsystem.ee\/en\/services\/body-repair\/\"]}]},{\"@type\":\"BreadcrumbList\",\"@id\":\"https:\/\/paintsystem.ee\/en\/services\/body-repair\/#breadcrumb\",\"itemListElement\":[{\"@type\":\"ListItem\",\"position\":1,\"name\":\"Home\",\"item\":\"https:\/\/paintsystem.ee\/en\/home\/\"},{\"@type\":\"ListItem\",\"position\":2,\"name\":\"Services\",\"item\":\"https:\/\/paintsystem.ee\/en\/services\/\"},{\"@type\":\"ListItem\",\"position\":3,\"name\":\"Body repair\"}]},{\"@type\":\"WebSite\",\"@id\":\"https:\/\/paintsystem.ee\/en\/#website\",\"url\":\"https:\/\/paintsystem.ee\/en\/\",\"name\":\"Paint System\",\"description\":\"Automaalrit\u00f6\u00f6koda Paint System pakub laia valikut kereremondi ja hooldusteenuseid peamiselt s\u00f5iduautodele.\",\"potentialAction\":[{\"@type\":\"SearchAction\",\"target\":{\"@type\":\"EntryPoint\",\"urlTemplate\":\"https:\/\/paintsystem.ee\/en\/?s={search_term_string}\"},\"query-input\":\"required name=search_term_string\"}],\"inLanguage\":\"en-US\"}]}<\/script>\n<!-- \/ Yoast SEO plugin. -->","yoast_head_json":{"title":"Body repair | Paint System","robots":{"index":"index","follow":"follow","max-snippet":"max-snippet:-1","max-image-preview":"max-image-preview:large","max-video-preview":"max-video-preview:-1"},"canonical":"https:\/\/paintsystem.ee\/en\/services\/body-repair\/","og_locale":"en_US","og_type":"article","og_title":"Body repair | Paint System","og_description":"Car body repair is our main activity profile. The car workshop PaintSystem is equipped with all necessary tools for achieving the best desired result. Depending on damages, we either replace a part, or repair it. For flattening of parts is used the spotter Tellwin 5500 \u0430s well as manual flatteners. Before applying fillers, any open [&hellip;]","og_url":"https:\/\/paintsystem.ee\/en\/services\/body-repair\/","og_site_name":"Paint System","article_modified_time":"2017-08-04T09:53:02+00:00","twitter_card":"summary_large_image","schema":{"@context":"https:\/\/schema.org","@graph":[{"@type":"WebPage","@id":"https:\/\/paintsystem.ee\/en\/services\/body-repair\/","url":"https:\/\/paintsystem.ee\/en\/services\/body-repair\/","name":"Body repair | Paint System","isPartOf":{"@id":"https:\/\/paintsystem.ee\/en\/#website"},"datePublished":"2017-05-15T12:24:01+00:00","dateModified":"2017-08-04T09:53:02+00:00","breadcrumb":{"@id":"https:\/\/paintsystem.ee\/en\/services\/body-repair\/#breadcrumb"},"inLanguage":"en-US","potentialAction":[{"@type":"ReadAction","target":["https:\/\/paintsystem.ee\/en\/services\/body-repair\/"]}]},{"@type":"BreadcrumbList","@id":"https:\/\/paintsystem.ee\/en\/services\/body-repair\/#breadcrumb","itemListElement":[{"@type":"ListItem","position":1,"name":"Home","item":"https:\/\/paintsystem.ee\/en\/home\/"},{"@type":"ListItem","position":2,"name":"Services","item":"https:\/\/paintsystem.ee\/en\/services\/"},{"@type":"ListItem","position":3,"name":"Body repair"}]},{"@type":"WebSite","@id":"https:\/\/paintsystem.ee\/en\/#website","url":"https:\/\/paintsystem.ee\/en\/","name":"Paint System","description":"Automaalrit\u00f6\u00f6koda Paint System pakub laia valikut kereremondi ja hooldusteenuseid peamiselt s\u00f5iduautodele.","potentialAction":[{"@type":"SearchAction","target":{"@type":"EntryPoint","urlTemplate":"https:\/\/paintsystem.ee\/en\/?s={search_term_string}"},"query-input":"required name=search_term_string"}],"inLanguage":"en-US"}]}},"_links":{"self":[{"href":"https:\/\/paintsystem.ee\/en\/wp-json\/wp\/v2\/pages\/485"}],"collection":[{"href":"https:\/\/paintsystem.ee\/en\/wp-json\/wp\/v2\/pages"}],"about":[{"href":"https:\/\/paintsystem.ee\/en\/wp-json\/wp\/v2\/types\/page"}],"author":[{"embeddable":true,"href":"https:\/\/paintsystem.ee\/en\/wp-json\/wp\/v2\/users\/1"}],"replies":[{"embeddable":true,"href":"https:\/\/paintsystem.ee\/en\/wp-json\/wp\/v2\/comments?post=485"}],"version-history":[{"count":2,"href":"https:\/\/paintsystem.ee\/en\/wp-json\/wp\/v2\/pages\/485\/revisions"}],"predecessor-version":[{"id":802,"href":"https:\/\/paintsystem.ee\/en\/wp-json\/wp\/v2\/pages\/485\/revisions\/802"}],"up":[{"embeddable":true,"href":"https:\/\/paintsystem.ee\/en\/wp-json\/wp\/v2\/pages\/358"}],"wp:attachment":[{"href":"https:\/\/paintsystem.ee\/en\/wp-json\/wp\/v2\/media?parent=485"}],"curies":[{"name":"wp","href":"https:\/\/api.w.org\/{rel}","templated":true}]}}