{"id":352,"date":"2017-04-29T20:48:01","date_gmt":"2017-04-29T20:48:01","guid":{"rendered":"https:\/\/paintsystem.ee\/newsite\/?page_id=352\/"},"modified":"2019-04-16T11:06:42","modified_gmt":"2019-04-16T11:06:42","slug":"about","status":"publish","type":"page","link":"https:\/\/paintsystem.ee\/en\/about\/","title":{"rendered":"About"},"content":{"rendered":"<p>\u0410 car painting workshop PaintSystem is located in \u0422\u0430llinn city, at Kesk-s\u00f5jam\u00e4e 7E. The company provides services using three separate rooms (preparation shop, \u0440\u0430inting \u0441h\u0430mber, box for care and servicing). Company\u2019s customers are mostly individuals and firms.<br \/>\nThe workshop is tooled up with the professional equipment necessary for providing various car body repair and servicing (Rupes, Makita, Tellwin, Devillbiss, Sata). Car body repair is carried out by the qualified specialists with a use of the quality painting material (Debeer, SherwinWilliams, 3M, Indasa) that is why we give warranty on the completed work. The warranty period depends on the car age and type of the completed repair.<\/p>\n","protected":false},"excerpt":{"rendered":"<p>\u0410 car painting workshop PaintSystem is located in \u0422\u0430llinn city, at Kesk-s\u00f5jam\u00e4e 7E. The company provides services using three separate rooms (preparation shop, \u0440\u0430inting \u0441h\u0430mber, box for care and servicing). Company\u2019s customers are mostly individuals and firms. The workshop is tooled up with the professional equipment necessary for providing various car body repair and servicing [&hellip;]<\/p>\n","protected":false},"author":1,"featured_media":0,"parent":0,"menu_order":0,"comment_status":"closed","ping_status":"closed","template":"","meta":{"_exactmetrics_skip_tracking":false,"_exactmetrics_sitenote_active":false,"_exactmetrics_sitenote_note":"","_exactmetrics_sitenote_category":0,"footnotes":""},"class_list":["post-352","page","type-page","status-publish","hentry"],"yoast_head":"<!-- This site is optimized with the Yoast SEO plugin v23.3 - https:\/\/yoast.com\/wordpress\/plugins\/seo\/ -->\n<title>About company and company description | Paint System O\u00dc<\/title>\n<meta name=\"description\" content=\"Paint System O\u00dc is located in Tallinn, Estonia and our workshop is equiped with one of the best tools and gear from leading world manufacturers.\" \/>\n<meta name=\"robots\" content=\"index, follow, max-snippet:-1, max-image-preview:large, max-video-preview:-1\" \/>\n<link rel=\"canonical\" href=\"https:\/\/paintsystem.ee\/en\/about\/\" \/>\n<meta property=\"og:locale\" content=\"en_US\" \/>\n<meta property=\"og:type\" content=\"article\" \/>\n<meta property=\"og:title\" content=\"About company and company description | Paint System O\u00dc\" \/>\n<meta property=\"og:description\" content=\"Paint System O\u00dc is located in Tallinn, Estonia and our workshop is equiped with one of the best tools and gear from leading world manufacturers.\" \/>\n<meta property=\"og:url\" content=\"https:\/\/paintsystem.ee\/en\/about\/\" \/>\n<meta property=\"og:site_name\" content=\"Paint System\" \/>\n<meta property=\"article:modified_time\" content=\"2019-04-16T11:06:42+00:00\" \/>\n<meta name=\"twitter:card\" content=\"summary_large_image\" \/>\n<meta name=\"twitter:label1\" content=\"Est. reading time\" \/>\n\t<meta name=\"twitter:data1\" content=\"1 minute\" \/>\n<script type=\"application\/ld+json\" class=\"yoast-schema-graph\">{\"@context\":\"https:\/\/schema.org\",\"@graph\":[{\"@type\":\"WebPage\",\"@id\":\"https:\/\/paintsystem.ee\/en\/about\/\",\"url\":\"https:\/\/paintsystem.ee\/en\/about\/\",\"name\":\"About company and company description | Paint System O\u00dc\",\"isPartOf\":{\"@id\":\"https:\/\/paintsystem.ee\/en\/#website\"},\"datePublished\":\"2017-04-29T20:48:01+00:00\",\"dateModified\":\"2019-04-16T11:06:42+00:00\",\"description\":\"Paint System O\u00dc is located in Tallinn, Estonia and our workshop is equiped with one of the best tools and gear from leading world manufacturers.\",\"breadcrumb\":{\"@id\":\"https:\/\/paintsystem.ee\/en\/about\/#breadcrumb\"},\"inLanguage\":\"en-US\",\"potentialAction\":[{\"@type\":\"ReadAction\",\"target\":[\"https:\/\/paintsystem.ee\/en\/about\/\"]}]},{\"@type\":\"BreadcrumbList\",\"@id\":\"https:\/\/paintsystem.ee\/en\/about\/#breadcrumb\",\"itemListElement\":[{\"@type\":\"ListItem\",\"position\":1,\"name\":\"Home\",\"item\":\"https:\/\/paintsystem.ee\/en\/home\/\"},{\"@type\":\"ListItem\",\"position\":2,\"name\":\"About\"}]},{\"@type\":\"WebSite\",\"@id\":\"https:\/\/paintsystem.ee\/en\/#website\",\"url\":\"https:\/\/paintsystem.ee\/en\/\",\"name\":\"Paint System\",\"description\":\"Automaalrit\u00f6\u00f6koda Paint System pakub laia valikut kereremondi ja hooldusteenuseid peamiselt s\u00f5iduautodele.\",\"potentialAction\":[{\"@type\":\"SearchAction\",\"target\":{\"@type\":\"EntryPoint\",\"urlTemplate\":\"https:\/\/paintsystem.ee\/en\/?s={search_term_string}\"},\"query-input\":\"required name=search_term_string\"}],\"inLanguage\":\"en-US\"}]}<\/script>\n<!-- \/ Yoast SEO plugin. -->","yoast_head_json":{"title":"About company and company description | Paint System O\u00dc","description":"Paint System O\u00dc is located in Tallinn, Estonia and our workshop is equiped with one of the best tools and gear from leading world manufacturers.","robots":{"index":"index","follow":"follow","max-snippet":"max-snippet:-1","max-image-preview":"max-image-preview:large","max-video-preview":"max-video-preview:-1"},"canonical":"https:\/\/paintsystem.ee\/en\/about\/","og_locale":"en_US","og_type":"article","og_title":"About company and company description | Paint System O\u00dc","og_description":"Paint System O\u00dc is located in Tallinn, Estonia and our workshop is equiped with one of the best tools and gear from leading world manufacturers.","og_url":"https:\/\/paintsystem.ee\/en\/about\/","og_site_name":"Paint System","article_modified_time":"2019-04-16T11:06:42+00:00","twitter_card":"summary_large_image","twitter_misc":{"Est. reading time":"1 minute"},"schema":{"@context":"https:\/\/schema.org","@graph":[{"@type":"WebPage","@id":"https:\/\/paintsystem.ee\/en\/about\/","url":"https:\/\/paintsystem.ee\/en\/about\/","name":"About company and company description | Paint System O\u00dc","isPartOf":{"@id":"https:\/\/paintsystem.ee\/en\/#website"},"datePublished":"2017-04-29T20:48:01+00:00","dateModified":"2019-04-16T11:06:42+00:00","description":"Paint System O\u00dc is located in Tallinn, Estonia and our workshop is equiped with one of the best tools and gear from leading world manufacturers.","breadcrumb":{"@id":"https:\/\/paintsystem.ee\/en\/about\/#breadcrumb"},"inLanguage":"en-US","potentialAction":[{"@type":"ReadAction","target":["https:\/\/paintsystem.ee\/en\/about\/"]}]},{"@type":"BreadcrumbList","@id":"https:\/\/paintsystem.ee\/en\/about\/#breadcrumb","itemListElement":[{"@type":"ListItem","position":1,"name":"Home","item":"https:\/\/paintsystem.ee\/en\/home\/"},{"@type":"ListItem","position":2,"name":"About"}]},{"@type":"WebSite","@id":"https:\/\/paintsystem.ee\/en\/#website","url":"https:\/\/paintsystem.ee\/en\/","name":"Paint System","description":"Automaalrit\u00f6\u00f6koda Paint System pakub laia valikut kereremondi ja hooldusteenuseid peamiselt s\u00f5iduautodele.","potentialAction":[{"@type":"SearchAction","target":{"@type":"EntryPoint","urlTemplate":"https:\/\/paintsystem.ee\/en\/?s={search_term_string}"},"query-input":"required name=search_term_string"}],"inLanguage":"en-US"}]}},"_links":{"self":[{"href":"https:\/\/paintsystem.ee\/en\/wp-json\/wp\/v2\/pages\/352"}],"collection":[{"href":"https:\/\/paintsystem.ee\/en\/wp-json\/wp\/v2\/pages"}],"about":[{"href":"https:\/\/paintsystem.ee\/en\/wp-json\/wp\/v2\/types\/page"}],"author":[{"embeddable":true,"href":"https:\/\/paintsystem.ee\/en\/wp-json\/wp\/v2\/users\/1"}],"replies":[{"embeddable":true,"href":"https:\/\/paintsystem.ee\/en\/wp-json\/wp\/v2\/comments?post=352"}],"version-history":[{"count":5,"href":"https:\/\/paintsystem.ee\/en\/wp-json\/wp\/v2\/pages\/352\/revisions"}],"predecessor-version":[{"id":1394,"href":"https:\/\/paintsystem.ee\/en\/wp-json\/wp\/v2\/pages\/352\/revisions\/1394"}],"wp:attachment":[{"href":"https:\/\/paintsystem.ee\/en\/wp-json\/wp\/v2\/media?parent=352"}],"curies":[{"name":"wp","href":"https:\/\/api.w.org\/{rel}","templated":true}]}}