{"id":345,"date":"2017-04-29T20:47:28","date_gmt":"2017-04-29T20:47:28","guid":{"rendered":"https:\/\/paintsystem.ee\/newsite\/?page_id=345\/"},"modified":"2024-03-19T10:57:10","modified_gmt":"2024-03-19T10:57:10","slug":"contact-2","status":"publish","type":"page","link":"https:\/\/paintsystem.ee\/en\/contact-2\/","title":{"rendered":"Contact"},"content":{"rendered":"\n<style type=\"text\/css\" data-created_by=\"avia_inline_auto\" id=\"style-css-av-z8kh5-ee975e314d1e7c4ea34c52247a84583f\">\n.flex_column.av-z8kh5-ee975e314d1e7c4ea34c52247a84583f{\nborder-radius:0px 0px 0px 0px;\npadding:0px 0px 0px 0px;\n}\n<\/style>\n<div  class='flex_column av-z8kh5-ee975e314d1e7c4ea34c52247a84583f av_two_fifth  avia-builder-el-0  el_before_av_three_fifth  avia-builder-el-first  first flex_column_div av-zero-column-padding  '     ><section  class='av_textblock_section av-p5ajl-37031ef49f4cd7b8b078d3fb54336e87 '   itemscope=\"itemscope\" itemtype=\"https:\/\/schema.org\/CreativeWork\" ><div class='avia_textblock'  itemprop=\"text\" ><p>Paint System O\u00dc<br \/>\nAdress: Betooni 9, 13816, Tallinn, Estonia<br \/>\nReg nr.: 12043517<br \/>\nPhones: main +372 5880 3360<br \/>\nbody repair and painting +372 5880 3360<br \/>\nmaintenance +372 53968918<br \/>\nEmail: info@paintsystem.ee<br \/>\nBank account:<br \/>\nSwedbank: EE952200221051851728<br \/>\nSEB: EE881010220239243220<\/p>\n<p>Business Hours<br \/>\nMon. \u2013 Fri. 10.00-19.00<br \/>\nSat. 11.00-16.00<br \/>\nSun. arrangable<\/p>\n<\/div><\/section><\/div>\n\n<style type=\"text\/css\" data-created_by=\"avia_inline_auto\" id=\"style-css-av-j45ex-b1e45211ccfc3fb546464d05724a67bf\">\n.flex_column.av-j45ex-b1e45211ccfc3fb546464d05724a67bf{\nborder-radius:0px 0px 0px 0px;\npadding:0px 0px 0px 0px;\n}\n<\/style>\n<div  class='flex_column av-j45ex-b1e45211ccfc3fb546464d05724a67bf av_three_fifth  avia-builder-el-2  el_after_av_two_fifth  avia-builder-el-last  flex_column_div av-zero-column-padding  '     ><div  class='av_gmaps_sc_main_wrap av_gmaps_main_wrap '><div id='av_gmap_0' class='avia-google-map-container avia-google-map-sc av_gmaps_show_unconditionally av-no-fallback-img ' data-mapid='av_gmap_0'  style='height: 400px;'><a class=\"av_gmaps_browser_disabled av_text_confirm_link av_text_confirm_link_visible\" href=\"https:\/\/www.google.com\/maps\/search\/?api=1&#038;query=Betooni%209%2013816%20tallinn%20%20Estonia\" target=\"_blank\" rel=\"noopener\">Maps were disabled by the visitor on this site. Click to open the map in a new window.<\/a><\/div><\/div><\/div>\n","protected":false},"excerpt":{"rendered":"","protected":false},"author":1,"featured_media":0,"parent":0,"menu_order":0,"comment_status":"closed","ping_status":"closed","template":"","meta":{"_exactmetrics_skip_tracking":false,"_exactmetrics_sitenote_active":false,"_exactmetrics_sitenote_note":"","_exactmetrics_sitenote_category":0,"footnotes":""},"class_list":["post-345","page","type-page","status-publish","hentry"],"yoast_head":"<!-- This site is optimized with the Yoast SEO plugin v23.3 - https:\/\/yoast.com\/wordpress\/plugins\/seo\/ -->\n<title>Contact details and our address | Paint System O\u00dc<\/title>\n<meta name=\"description\" content=\"Paint System O\u00dc is located in Tallinn, Kesk-s\u00f5jam\u00e4e 7E. You may contact us to order and arrange services +372 5880 3360 and +372 53968918\" \/>\n<meta name=\"robots\" content=\"index, follow, max-snippet:-1, max-image-preview:large, max-video-preview:-1\" \/>\n<link rel=\"canonical\" href=\"https:\/\/paintsystem.ee\/en\/contact-2\/\" \/>\n<meta property=\"og:locale\" content=\"en_US\" \/>\n<meta property=\"og:type\" content=\"article\" \/>\n<meta property=\"og:title\" content=\"Contact details and our address | Paint System O\u00dc\" \/>\n<meta property=\"og:description\" content=\"Paint System O\u00dc is located in Tallinn, Kesk-s\u00f5jam\u00e4e 7E. You may contact us to order and arrange services +372 5880 3360 and +372 53968918\" \/>\n<meta property=\"og:url\" content=\"https:\/\/paintsystem.ee\/en\/contact-2\/\" \/>\n<meta property=\"og:site_name\" content=\"Paint System\" \/>\n<meta property=\"article:modified_time\" content=\"2024-03-19T10:57:10+00:00\" \/>\n<meta name=\"twitter:card\" content=\"summary_large_image\" \/>\n<meta name=\"twitter:label1\" content=\"Est. reading time\" \/>\n\t<meta name=\"twitter:data1\" content=\"1 minute\" \/>\n<script type=\"application\/ld+json\" class=\"yoast-schema-graph\">{\"@context\":\"https:\/\/schema.org\",\"@graph\":[{\"@type\":\"WebPage\",\"@id\":\"https:\/\/paintsystem.ee\/en\/contact-2\/\",\"url\":\"https:\/\/paintsystem.ee\/en\/contact-2\/\",\"name\":\"Contact details and our address | Paint System O\u00dc\",\"isPartOf\":{\"@id\":\"https:\/\/paintsystem.ee\/en\/#website\"},\"datePublished\":\"2017-04-29T20:47:28+00:00\",\"dateModified\":\"2024-03-19T10:57:10+00:00\",\"description\":\"Paint System O\u00dc is located in Tallinn, Kesk-s\u00f5jam\u00e4e 7E. You may contact us to order and arrange services +372 5880 3360 and +372 53968918\",\"breadcrumb\":{\"@id\":\"https:\/\/paintsystem.ee\/en\/contact-2\/#breadcrumb\"},\"inLanguage\":\"en-US\",\"potentialAction\":[{\"@type\":\"ReadAction\",\"target\":[\"https:\/\/paintsystem.ee\/en\/contact-2\/\"]}]},{\"@type\":\"BreadcrumbList\",\"@id\":\"https:\/\/paintsystem.ee\/en\/contact-2\/#breadcrumb\",\"itemListElement\":[{\"@type\":\"ListItem\",\"position\":1,\"name\":\"Home\",\"item\":\"https:\/\/paintsystem.ee\/en\/home\/\"},{\"@type\":\"ListItem\",\"position\":2,\"name\":\"Contact\"}]},{\"@type\":\"WebSite\",\"@id\":\"https:\/\/paintsystem.ee\/en\/#website\",\"url\":\"https:\/\/paintsystem.ee\/en\/\",\"name\":\"Paint System\",\"description\":\"Automaalrit\u00f6\u00f6koda Paint System pakub laia valikut kereremondi ja hooldusteenuseid peamiselt s\u00f5iduautodele.\",\"potentialAction\":[{\"@type\":\"SearchAction\",\"target\":{\"@type\":\"EntryPoint\",\"urlTemplate\":\"https:\/\/paintsystem.ee\/en\/?s={search_term_string}\"},\"query-input\":\"required name=search_term_string\"}],\"inLanguage\":\"en-US\"}]}<\/script>\n<!-- \/ Yoast SEO plugin. -->","yoast_head_json":{"title":"Contact details and our address | Paint System O\u00dc","description":"Paint System O\u00dc is located in Tallinn, Kesk-s\u00f5jam\u00e4e 7E. You may contact us to order and arrange services +372 5880 3360 and +372 53968918","robots":{"index":"index","follow":"follow","max-snippet":"max-snippet:-1","max-image-preview":"max-image-preview:large","max-video-preview":"max-video-preview:-1"},"canonical":"https:\/\/paintsystem.ee\/en\/contact-2\/","og_locale":"en_US","og_type":"article","og_title":"Contact details and our address | Paint System O\u00dc","og_description":"Paint System O\u00dc is located in Tallinn, Kesk-s\u00f5jam\u00e4e 7E. You may contact us to order and arrange services +372 5880 3360 and +372 53968918","og_url":"https:\/\/paintsystem.ee\/en\/contact-2\/","og_site_name":"Paint System","article_modified_time":"2024-03-19T10:57:10+00:00","twitter_card":"summary_large_image","twitter_misc":{"Est. reading time":"1 minute"},"schema":{"@context":"https:\/\/schema.org","@graph":[{"@type":"WebPage","@id":"https:\/\/paintsystem.ee\/en\/contact-2\/","url":"https:\/\/paintsystem.ee\/en\/contact-2\/","name":"Contact details and our address | Paint System O\u00dc","isPartOf":{"@id":"https:\/\/paintsystem.ee\/en\/#website"},"datePublished":"2017-04-29T20:47:28+00:00","dateModified":"2024-03-19T10:57:10+00:00","description":"Paint System O\u00dc is located in Tallinn, Kesk-s\u00f5jam\u00e4e 7E. You may contact us to order and arrange services +372 5880 3360 and +372 53968918","breadcrumb":{"@id":"https:\/\/paintsystem.ee\/en\/contact-2\/#breadcrumb"},"inLanguage":"en-US","potentialAction":[{"@type":"ReadAction","target":["https:\/\/paintsystem.ee\/en\/contact-2\/"]}]},{"@type":"BreadcrumbList","@id":"https:\/\/paintsystem.ee\/en\/contact-2\/#breadcrumb","itemListElement":[{"@type":"ListItem","position":1,"name":"Home","item":"https:\/\/paintsystem.ee\/en\/home\/"},{"@type":"ListItem","position":2,"name":"Contact"}]},{"@type":"WebSite","@id":"https:\/\/paintsystem.ee\/en\/#website","url":"https:\/\/paintsystem.ee\/en\/","name":"Paint System","description":"Automaalrit\u00f6\u00f6koda Paint System pakub laia valikut kereremondi ja hooldusteenuseid peamiselt s\u00f5iduautodele.","potentialAction":[{"@type":"SearchAction","target":{"@type":"EntryPoint","urlTemplate":"https:\/\/paintsystem.ee\/en\/?s={search_term_string}"},"query-input":"required name=search_term_string"}],"inLanguage":"en-US"}]}},"_links":{"self":[{"href":"https:\/\/paintsystem.ee\/en\/wp-json\/wp\/v2\/pages\/345"}],"collection":[{"href":"https:\/\/paintsystem.ee\/en\/wp-json\/wp\/v2\/pages"}],"about":[{"href":"https:\/\/paintsystem.ee\/en\/wp-json\/wp\/v2\/types\/page"}],"author":[{"embeddable":true,"href":"https:\/\/paintsystem.ee\/en\/wp-json\/wp\/v2\/users\/1"}],"replies":[{"embeddable":true,"href":"https:\/\/paintsystem.ee\/en\/wp-json\/wp\/v2\/comments?post=345"}],"version-history":[{"count":8,"href":"https:\/\/paintsystem.ee\/en\/wp-json\/wp\/v2\/pages\/345\/revisions"}],"predecessor-version":[{"id":1358,"href":"https:\/\/paintsystem.ee\/en\/wp-json\/wp\/v2\/pages\/345\/revisions\/1358"}],"wp:attachment":[{"href":"https:\/\/paintsystem.ee\/en\/wp-json\/wp\/v2\/media?parent=345"}],"curies":[{"name":"wp","href":"https:\/\/api.w.org\/{rel}","templated":true}]}}